{"id":731,"date":"2024-02-11T15:49:21","date_gmt":"2024-02-11T14:49:21","guid":{"rendered":"https:\/\/tropicplants.ch\/?page_id=731"},"modified":"2024-04-24T15:18:51","modified_gmt":"2024-04-24T13:18:51","slug":"ueber-mich","status":"publish","type":"page","link":"https:\/\/tropicplants.ch\/index.php\/ueber-mich\/","title":{"rendered":"\u00dcber mich"},"content":{"rendered":"\n<p><img loading=\"lazy\" decoding=\"async\" width=\"100\" height=\"150\" class=\"wp-image-528\" style=\"width: 100px;\" src=\"https:\/\/tropicplants.ch\/wp-content\/uploads\/2024\/01\/1W9A8269MaesemitAnthuriumklein.jpg\" alt=\"\" srcset=\"https:\/\/tropicplants.ch\/wp-content\/uploads\/2024\/01\/1W9A8269MaesemitAnthuriumklein.jpg 667w, https:\/\/tropicplants.ch\/wp-content\/uploads\/2024\/01\/1W9A8269MaesemitAnthuriumklein-200x300.jpg 200w, https:\/\/tropicplants.ch\/wp-content\/uploads\/2024\/01\/1W9A8269MaesemitAnthuriumklein-416x624.jpg 416w\" sizes=\"auto, (max-width: 100px) 100vw, 100px\" \/><\/p>\n\n\n\n<p>Ich heisse Matthias Marbach. Ich besch\u00e4ftige mich seit \u00fcber 30 Jahren mit der Kultur und der Vermehrung von allen m\u00f6glichen Pflanzen wie Orchideen, Bromelien, Sukkulenten und diversen tropischen Pflanzen f\u00fcr Terrarien. Mittlerweile konnte ich mir eine beachtliche Pflanzensammlung aufbauen. Immer wieder finde ich neue Arten, die ich weitervermehre. Haupts\u00e4chlich halte ich Pflanzen f\u00fcr tropische Terrarien. Aber ich habe auch diverse Arten, die sich auch f\u00fcr die Haltung im Wohnbereich eignen, wie Philodendron, Anthurium etc. In Wangen bei D\u00fcbendorf betreibe ich einen kleinen Shop, wo ich diverse Pflanzen im Verkauf habe.  Auf Wunsch kann ich auch probieren, euch eure Traumpflanze  suchen zu helfen.<\/p>\n","protected":false},"excerpt":{"rendered":"<p>Ich heisse Matthias Marbach. Ich besch\u00e4ftige mich seit \u00fcber 30 Jahren mit der Kultur und der Vermehrung von allen m\u00f6glichen Pflanzen wie Orchideen, Bromelien, Sukkulenten und diversen tropischen Pflanzen f\u00fcr Terrarien. Mittlerweile konnte ich mir eine beachtliche Pflanzensammlung aufbauen. Immer wieder finde ich neue Arten, die ich weitervermehre. Haupts\u00e4chlich halte ich Pflanzen f\u00fcr tropische Terrarien. [&hellip;]<\/p>\n","protected":false},"author":2,"featured_media":0,"parent":0,"menu_order":0,"comment_status":"closed","ping_status":"open","template":"","meta":{"footnotes":""},"class_list":["post-731","page","type-page","status-publish","hentry"],"jetpack_sharing_enabled":true,"_links":{"self":[{"href":"https:\/\/tropicplants.ch\/index.php\/wp-json\/wp\/v2\/pages\/731","targetHints":{"allow":["GET"]}}],"collection":[{"href":"https:\/\/tropicplants.ch\/index.php\/wp-json\/wp\/v2\/pages"}],"about":[{"href":"https:\/\/tropicplants.ch\/index.php\/wp-json\/wp\/v2\/types\/page"}],"author":[{"embeddable":true,"href":"https:\/\/tropicplants.ch\/index.php\/wp-json\/wp\/v2\/users\/2"}],"replies":[{"embeddable":true,"href":"https:\/\/tropicplants.ch\/index.php\/wp-json\/wp\/v2\/comments?post=731"}],"version-history":[{"count":4,"href":"https:\/\/tropicplants.ch\/index.php\/wp-json\/wp\/v2\/pages\/731\/revisions"}],"predecessor-version":[{"id":764,"href":"https:\/\/tropicplants.ch\/index.php\/wp-json\/wp\/v2\/pages\/731\/revisions\/764"}],"wp:attachment":[{"href":"https:\/\/tropicplants.ch\/index.php\/wp-json\/wp\/v2\/media?parent=731"}],"curies":[{"name":"wp","href":"https:\/\/api.w.org\/{rel}","templated":true}]}}