{"id":733,"date":"2024-02-11T15:59:38","date_gmt":"2024-02-11T14:59:38","guid":{"rendered":"https:\/\/tropicplants.ch\/?page_id=733"},"modified":"2026-04-13T16:25:41","modified_gmt":"2026-04-13T14:25:41","slug":"messekalender","status":"publish","type":"page","link":"https:\/\/tropicplants.ch\/index.php\/messekalender\/","title":{"rendered":"Messekalender"},"content":{"rendered":"\n<p>An den folgenden Messen und B\u00f6rsen bin ich mit einem Stand vertreten. Vorbestellte Pflanzen k\u00f6nnen nach Vereinbarung dort abgeholt werden. Ich kann jeweils nicht mein gesamtes Sortiment ausstellen, darum, w\u00e4re ich froh, wenn ihr mir eure W\u00fcnsche per Mail unter matthias@tropicplants.ch mitteilen w\u00fcrdet. <\/p>\n\n\n\n<p><\/p>\n\n\n\n<div class=\"wp-block-group\"><div class=\"wp-block-group__inner-container is-layout-flow wp-block-group-is-layout-flow\">\n<p>terraexpo Oberglatt<br>Ich nehme an allen <strong>terraexpo<\/strong>-B\u00f6rsen als Aussteller teil. Termine: 01. Februar 2026 \/ 03. Mai 2026 \/ 02. August 2026 \/ 08. November 2026 <a href=\"https:\/\/terraexpo.ch\/termine.html\" target=\"_blank\" rel=\"noreferrer noopener\">Den Veranstaltungskalender findet Ihr hier.<\/a><\/p>\n<\/div><\/div>\n\n\n\n<p><strong><span style=\"text-decoration: underline;\">Swiss Terraria Brunegg<\/span><\/strong><br>29. M\u00e4rz 2026 <a href=\"https:\/\/www.swissterraria.ch\/\">https:\/\/www.swissterraria.ch\/<\/a><\/p>\n\n\n\n<p>IgT <strong><span style=\"text-decoration: underline;\">Terrarienb\u00f6rse Brunegg<br><\/span><\/strong>30. August 2026 <a href=\"https:\/\/igt-ag.ch\/\" data-type=\"link\" data-id=\"https:\/\/igt-ag.ch\/\">https:\/\/igt-ag.ch<\/a><\/p>\n\n\n\n<p>Baselbieter Reptilienb\u00f6rse Lausen<br>25. Oktober 2026 <a href=\"https:\/\/xn--reptilienbrse-rmb.ch\/\" data-type=\"link\" data-id=\"https:\/\/xn--reptilienbrse-rmb.ch\/\">https:\/\/xn--reptilienbrse-rmb.ch\/<\/a><\/p>\n\n\n\n<p>Ostschweizer Terraristikb\u00f6rse Frauenfeld<br>13.September 2026 <a href=\"https:\/\/www.terrarienfreunde.ch\/\" data-type=\"link\" data-id=\"https:\/\/www.terrarienfreunde.ch\/\">https:\/\/www.terrarienfreunde.ch\/<\/a><\/p>\n\n\n\n<p><\/p>\n","protected":false},"excerpt":{"rendered":"<p>An den folgenden Messen und B\u00f6rsen bin ich mit einem Stand vertreten. Vorbestellte Pflanzen k\u00f6nnen nach Vereinbarung dort abgeholt werden. Ich kann jeweils nicht mein gesamtes Sortiment ausstellen, darum, w\u00e4re ich froh, wenn ihr mir eure W\u00fcnsche per Mail unter matthias@tropicplants.ch mitteilen w\u00fcrdet. terraexpo OberglattIch nehme an allen terraexpo-B\u00f6rsen als Aussteller teil. Termine: 01. Februar [&hellip;]<\/p>\n","protected":false},"author":2,"featured_media":0,"parent":0,"menu_order":0,"comment_status":"closed","ping_status":"open","template":"","meta":{"footnotes":""},"class_list":["post-733","page","type-page","status-publish","hentry"],"jetpack_sharing_enabled":true,"_links":{"self":[{"href":"https:\/\/tropicplants.ch\/index.php\/wp-json\/wp\/v2\/pages\/733","targetHints":{"allow":["GET"]}}],"collection":[{"href":"https:\/\/tropicplants.ch\/index.php\/wp-json\/wp\/v2\/pages"}],"about":[{"href":"https:\/\/tropicplants.ch\/index.php\/wp-json\/wp\/v2\/types\/page"}],"author":[{"embeddable":true,"href":"https:\/\/tropicplants.ch\/index.php\/wp-json\/wp\/v2\/users\/2"}],"replies":[{"embeddable":true,"href":"https:\/\/tropicplants.ch\/index.php\/wp-json\/wp\/v2\/comments?post=733"}],"version-history":[{"count":9,"href":"https:\/\/tropicplants.ch\/index.php\/wp-json\/wp\/v2\/pages\/733\/revisions"}],"predecessor-version":[{"id":819,"href":"https:\/\/tropicplants.ch\/index.php\/wp-json\/wp\/v2\/pages\/733\/revisions\/819"}],"wp:attachment":[{"href":"https:\/\/tropicplants.ch\/index.php\/wp-json\/wp\/v2\/media?parent=733"}],"curies":[{"name":"wp","href":"https:\/\/api.w.org\/{rel}","templated":true}]}}