{"id":286,"date":"2021-02-09T15:49:54","date_gmt":"2021-02-09T14:49:54","guid":{"rendered":"https:\/\/tropicplants.ch\/?post_type=product&#038;p=286"},"modified":"2024-01-15T00:42:30","modified_gmt":"2024-01-14T23:42:30","slug":"microgramma-spec","status":"publish","type":"product","link":"https:\/\/tropicplants.ch\/index.php\/produkt\/microgramma-spec\/","title":{"rendered":"Microgramma spec."},"content":{"rendered":"","protected":false},"excerpt":{"rendered":"<p>Kletternder Farn f\u00fcr das tropische Terrarium, w\u00e4chst epiphytisch an St\u00e4mmen oder R\u00fcckwand<\/p>\n<table style=\"height: 175px;\" border=\"0\" width=\"500\" cellspacing=\"0\" cellpadding=\"0\">\n<tbody>\n<tr>\n<td>Herkunft: S\u00fcdamerika<\/td>\n<td><\/td>\n<\/tr>\n<tr>\n<td>Anspr\u00fcche: warm, feucht<\/td>\n<td>&#8211;<\/td>\n<\/tr>\n<tr>\n<td>Standort im Terrarium:<\/td>\n<td><\/td>\n<\/tr>\n<tr>\n<td>geeignet f\u00fcr: kleine bis mittlere Tropenterrarien<\/td>\n<td><\/td>\n<\/tr>\n<tr>\n<td>Wuchsform: kletternd<\/td>\n<td><\/td>\n<\/tr>\n<tr>\n<td>Blattgr\u00f6sse: 3 -4 cm<\/td>\n<td><\/td>\n<\/tr>\n<tr>\n<td>Topfgr\u00f6sse: 7 cm<\/td>\n<td><\/td>\n<\/tr>\n<\/tbody>\n<\/table>\n","protected":false},"featured_media":556,"template":"","meta":[],"product_brand":[],"product_cat":[19,17],"product_tag":[],"class_list":{"0":"post-286","1":"product","2":"type-product","3":"status-publish","4":"has-post-thumbnail","6":"product_cat-farne","7":"product_cat-kletterer","9":"first","10":"instock","11":"taxable","12":"shipping-taxable","13":"purchasable","14":"product-type-simple"},"jetpack_sharing_enabled":true,"_links":{"self":[{"href":"https:\/\/tropicplants.ch\/index.php\/wp-json\/wp\/v2\/product\/286","targetHints":{"allow":["GET"]}}],"collection":[{"href":"https:\/\/tropicplants.ch\/index.php\/wp-json\/wp\/v2\/product"}],"about":[{"href":"https:\/\/tropicplants.ch\/index.php\/wp-json\/wp\/v2\/types\/product"}],"wp:featuredmedia":[{"embeddable":true,"href":"https:\/\/tropicplants.ch\/index.php\/wp-json\/wp\/v2\/media\/556"}],"wp:attachment":[{"href":"https:\/\/tropicplants.ch\/index.php\/wp-json\/wp\/v2\/media?parent=286"}],"wp:term":[{"taxonomy":"product_brand","embeddable":true,"href":"https:\/\/tropicplants.ch\/index.php\/wp-json\/wp\/v2\/product_brand?post=286"},{"taxonomy":"product_cat","embeddable":true,"href":"https:\/\/tropicplants.ch\/index.php\/wp-json\/wp\/v2\/product_cat?post=286"},{"taxonomy":"product_tag","embeddable":true,"href":"https:\/\/tropicplants.ch\/index.php\/wp-json\/wp\/v2\/product_tag?post=286"}],"curies":[{"name":"wp","href":"https:\/\/api.w.org\/{rel}","templated":true}]}}