{"id":385,"date":"2021-02-25T22:23:20","date_gmt":"2021-02-25T21:23:20","guid":{"rendered":"https:\/\/tropicplants.ch\/?post_type=product&#038;p=385"},"modified":"2024-01-15T00:38:33","modified_gmt":"2024-01-14T23:38:33","slug":"vriesea-gigantea","status":"publish","type":"product","link":"https:\/\/tropicplants.ch\/index.php\/produkt\/vriesea-gigantea\/","title":{"rendered":"Vriesea gigantea"},"content":{"rendered":"<p>Vriesea gigantea wird, wie ihr Name schon sagt, sehr gross. Sie w\u00e4chst aber ziemlich langsam und je heller, desto kompakter. Es vergehen mehrere Jahre bis sie die volle Gr\u00f6sse erreicht hat. Es bleibt viel Wasser in den Blattachseln und sind deshalb bei gr\u00f6sseren Dendrobaten und Laubfr\u00f6schen sehr beliebt.<\/p>\n<p>&nbsp;<\/p>\n","protected":false},"excerpt":{"rendered":"<p>&nbsp;<\/p>\n<table style=\"height: 175px;\" border=\"0\" width=\"500\" cellspacing=\"0\" cellpadding=\"0\">\n<tbody>\n<tr>\n<td>Herkunft:<\/td>\n<td>Brasilien<\/td>\n<\/tr>\n<tr>\n<td>Anspr\u00fcche:<\/td>\n<td>heller Standort, 18 bis 32\u00b0<\/td>\n<\/tr>\n<tr>\n<td>Standort im Terrarium:<\/td>\n<td>aufgebunden<\/td>\n<\/tr>\n<tr>\n<td>geeignet f\u00fcr:<\/td>\n<td>grosse tropische Feuchtterrarien<\/td>\n<\/tr>\n<tr>\n<td>Wuchsform:<\/td>\n<td>epiphytisch<\/td>\n<\/tr>\n<tr>\n<td>Blattgr\u00f6sse:<\/td>\n<td>bis zu 80 cm \u00d8<\/td>\n<\/tr>\n<tr>\n<td>Topfgr\u00f6sse:<\/td>\n<td>12 cm<\/td>\n<\/tr>\n<\/tbody>\n<\/table>\n","protected":false},"featured_media":628,"template":"","meta":[],"product_brand":[],"product_cat":[26,25],"product_tag":[],"class_list":{"0":"post-385","1":"product","2":"type-product","3":"status-publish","4":"has-post-thumbnail","6":"product_cat-bromelien","7":"product_cat-epiphyten","9":"first","10":"instock","11":"taxable","12":"shipping-taxable","13":"purchasable","14":"product-type-simple"},"jetpack_sharing_enabled":true,"_links":{"self":[{"href":"https:\/\/tropicplants.ch\/index.php\/wp-json\/wp\/v2\/product\/385","targetHints":{"allow":["GET"]}}],"collection":[{"href":"https:\/\/tropicplants.ch\/index.php\/wp-json\/wp\/v2\/product"}],"about":[{"href":"https:\/\/tropicplants.ch\/index.php\/wp-json\/wp\/v2\/types\/product"}],"wp:featuredmedia":[{"embeddable":true,"href":"https:\/\/tropicplants.ch\/index.php\/wp-json\/wp\/v2\/media\/628"}],"wp:attachment":[{"href":"https:\/\/tropicplants.ch\/index.php\/wp-json\/wp\/v2\/media?parent=385"}],"wp:term":[{"taxonomy":"product_brand","embeddable":true,"href":"https:\/\/tropicplants.ch\/index.php\/wp-json\/wp\/v2\/product_brand?post=385"},{"taxonomy":"product_cat","embeddable":true,"href":"https:\/\/tropicplants.ch\/index.php\/wp-json\/wp\/v2\/product_cat?post=385"},{"taxonomy":"product_tag","embeddable":true,"href":"https:\/\/tropicplants.ch\/index.php\/wp-json\/wp\/v2\/product_tag?post=385"}],"curies":[{"name":"wp","href":"https:\/\/api.w.org\/{rel}","templated":true}]}}