{"id":400,"date":"2021-03-02T22:11:20","date_gmt":"2021-03-02T21:11:20","guid":{"rendered":"https:\/\/tropicplants.ch\/?post_type=product&#038;p=400"},"modified":"2024-01-15T00:30:09","modified_gmt":"2024-01-14T23:30:09","slug":"philodendron-variifolium","status":"publish","type":"product","link":"https:\/\/tropicplants.ch\/index.php\/produkt\/philodendron-variifolium\/","title":{"rendered":"Philodendron variifolium"},"content":{"rendered":"","protected":false},"excerpt":{"rendered":"<p>Kletterer f\u00fcr das tropische Terrarium, mittelfeuchter Bodengrund<\/p>\n<table style=\"height: 175px;\" border=\"0\" width=\"500\" cellspacing=\"0\" cellpadding=\"0\">\n<tbody>\n<tr>\n<td>Herkunft: Peru<\/td>\n<td><\/td>\n<\/tr>\n<tr>\n<td>Anspr\u00fcche: feucht und warm, 15 &#8211; 28\u00b0 C<\/td>\n<td>&#8211;<\/td>\n<\/tr>\n<tr>\n<td>Standort im Terrarium: terrestrisch mit Kletterhilfe<\/td>\n<td><\/td>\n<\/tr>\n<tr>\n<td>geeignet f\u00fcr: mittlere Tropenterrarien<\/td>\n<td><\/td>\n<\/tr>\n<tr>\n<td>Wuchsform: kletternd<\/td>\n<td><\/td>\n<\/tr>\n<tr>\n<td>Blattgr\u00f6sse: 5 -6 cm \u00d8, \u00e4ltere Pflanzen k\u00f6nnen auch noch etwas gr\u00f6sser werden<\/td>\n<td><\/td>\n<\/tr>\n<tr>\n<td>Topfgr\u00f6sse: 7 &#8211; 9 cm<\/td>\n<td><\/td>\n<\/tr>\n<\/tbody>\n<\/table>\n","protected":false},"featured_media":469,"template":"","meta":[],"product_brand":[],"product_cat":[17,21],"product_tag":[],"class_list":{"0":"post-400","1":"product","2":"type-product","3":"status-publish","4":"has-post-thumbnail","6":"product_cat-kletterer","7":"product_cat-rankenpflanzen","9":"first","10":"instock","11":"taxable","12":"shipping-taxable","13":"purchasable","14":"product-type-simple"},"jetpack_sharing_enabled":true,"_links":{"self":[{"href":"https:\/\/tropicplants.ch\/index.php\/wp-json\/wp\/v2\/product\/400","targetHints":{"allow":["GET"]}}],"collection":[{"href":"https:\/\/tropicplants.ch\/index.php\/wp-json\/wp\/v2\/product"}],"about":[{"href":"https:\/\/tropicplants.ch\/index.php\/wp-json\/wp\/v2\/types\/product"}],"wp:featuredmedia":[{"embeddable":true,"href":"https:\/\/tropicplants.ch\/index.php\/wp-json\/wp\/v2\/media\/469"}],"wp:attachment":[{"href":"https:\/\/tropicplants.ch\/index.php\/wp-json\/wp\/v2\/media?parent=400"}],"wp:term":[{"taxonomy":"product_brand","embeddable":true,"href":"https:\/\/tropicplants.ch\/index.php\/wp-json\/wp\/v2\/product_brand?post=400"},{"taxonomy":"product_cat","embeddable":true,"href":"https:\/\/tropicplants.ch\/index.php\/wp-json\/wp\/v2\/product_cat?post=400"},{"taxonomy":"product_tag","embeddable":true,"href":"https:\/\/tropicplants.ch\/index.php\/wp-json\/wp\/v2\/product_tag?post=400"}],"curies":[{"name":"wp","href":"https:\/\/api.w.org\/{rel}","templated":true}]}}